{"id":1684,"date":"2019-10-08T22:19:05","date_gmt":"2019-10-08T19:19:05","guid":{"rendered":"https:\/\/www.walkingart.fi\/?post_type=product&#038;p=1684"},"modified":"2020-05-04T14:20:57","modified_gmt":"2020-05-04T11:20:57","slug":"posh-sterling-silver-necklace","status":"publish","type":"product","link":"https:\/\/www.walkingart.fi\/fi\/tuote\/posh-sterling-silver-necklace\/","title":{"rendered":"Posh, hopea kaulakoru"},"content":{"rendered":"<p><em><strong>Posh,<\/strong><\/em>, <em>hopea kaulakoru<\/em><\/p>\n<p><em>By WalkingArt<\/em><\/p>\n<p>Posh hopeinen kaulakoru kauniilla kuu ja t\u00e4hti koristeilla. Kuu liikkuu ketjussa vapaasti joten voit asetella sen mihin kohtaan haluat. Voit lis\u00e4t\u00e4 Posh-kaulakoruun my\u00f6s yhteensopivan Posh-nilkkakorun. <em>Posh,<\/em> anklet.<\/p>\n<p>Pituus 44,5cm<\/p>\n<p>Kuu 1,5cm ja liikkuu vapaasti ketjussa<\/p>\n<p>T\u00e4hti 1 cm<\/p>","protected":false},"excerpt":{"rendered":"<p><em><strong>Posh,<\/strong><\/em>, <em>hopea kaulakoru<\/em><\/p>\n<p><em>By WalkingArt<\/em><\/p>\n<p>Posh hopeinen kaulakoru kauniilla kuu ja t\u00e4hti koristeilla. Kuu liikkuu ketjussa vapaasti joten voit asetella sen mihin kohtaan haluat. Voit lis\u00e4t\u00e4 Posh-kaulakoruun my\u00f6s yhteensopivan Posh-nilkkakorun. <em>Posh,<\/em> anklet.<\/p>\n<p>Pituus 44,5cm<\/p>\n<p>Kuu 1,5cm ja liikkuu vapaasti ketjussa<\/p>\n<p>T\u00e4hti 1 cm<\/p>","protected":false},"featured_media":1682,"comment_status":"open","ping_status":"closed","template":"","meta":{"spay_email":""},"_links":{"self":[{"href":"https:\/\/www.walkingart.fi\/fi\/wp-json\/wp\/v2\/product\/1684"}],"collection":[{"href":"https:\/\/www.walkingart.fi\/fi\/wp-json\/wp\/v2\/product"}],"about":[{"href":"https:\/\/www.walkingart.fi\/fi\/wp-json\/wp\/v2\/types\/product"}],"replies":[{"embeddable":true,"href":"https:\/\/www.walkingart.fi\/fi\/wp-json\/wp\/v2\/comments?post=1684"}],"wp:featuredmedia":[{"embeddable":true,"href":"https:\/\/www.walkingart.fi\/fi\/wp-json\/wp\/v2\/media\/1682"}],"wp:attachment":[{"href":"https:\/\/www.walkingart.fi\/fi\/wp-json\/wp\/v2\/media?parent=1684"}],"curies":[{"name":"wp","href":"https:\/\/api.w.org\/{rel}","templated":true}]}}