{"id":773,"date":"2019-09-13T11:29:24","date_gmt":"2019-09-13T08:29:24","guid":{"rendered":"https:\/\/www.walkingart.fi\/?post_type=product&#038;p=773"},"modified":"2020-05-04T14:49:11","modified_gmt":"2020-05-04T11:49:11","slug":"be-pure-aquamarine-citrine-in-silver-necklace","status":"publish","type":"product","link":"https:\/\/www.walkingart.fi\/fi\/tuote\/be-pure-aquamarine-citrine-in-silver-necklace\/","title":{"rendered":"Bona Fide, akvamariini, sitriini puolijalokivi ja hopea kaulakoru"},"content":{"rendered":"<p><em><strong>Bona Fide,<\/strong> akvamariini, sitriini puolijalokivi ja hopea kaulakoru<\/em><\/p>\n<p><em>By WalkingArt<\/em><\/p>\n<p>T\u00e4m\u00e4 herkk\u00e4 kaulakoru on tehty kauniin vaaleansinisest\u00e4 akvamariinista ja upeasta sitriini-puolijalokivest\u00e4. Raikkaan keltainen sitriini s\u00e4ken\u00f6i upeasti ja akavamariinin vaaleansinisen v\u00e4rin kanssa luo uskomattoman kauniin ja herk\u00e4n Bona Fide-kaulakorun.<\/p>\n<p>Pituus 45cm+5cm jatko-osa<\/p>\n<p>Lukko ja WA-logo hopeaa<\/p>\n<p>&nbsp;<\/p>","protected":false},"excerpt":{"rendered":"<p><em><strong>Bona Fide,<\/strong> akvamariini, sitriini puolijalokivi ja hopea kaulakoru<\/em><\/p>\n<p><em>By WalkingArt<\/em><\/p>\n<p>Pituus 45cm+5cm jatko-osa<\/p>\n<p>Lukko ja WA-logo hopeaa<\/p>\n<p>&nbsp;<\/p>","protected":false},"featured_media":741,"comment_status":"open","ping_status":"closed","template":"","meta":{"spay_email":""},"_links":{"self":[{"href":"https:\/\/www.walkingart.fi\/fi\/wp-json\/wp\/v2\/product\/773"}],"collection":[{"href":"https:\/\/www.walkingart.fi\/fi\/wp-json\/wp\/v2\/product"}],"about":[{"href":"https:\/\/www.walkingart.fi\/fi\/wp-json\/wp\/v2\/types\/product"}],"replies":[{"embeddable":true,"href":"https:\/\/www.walkingart.fi\/fi\/wp-json\/wp\/v2\/comments?post=773"}],"wp:featuredmedia":[{"embeddable":true,"href":"https:\/\/www.walkingart.fi\/fi\/wp-json\/wp\/v2\/media\/741"}],"wp:attachment":[{"href":"https:\/\/www.walkingart.fi\/fi\/wp-json\/wp\/v2\/media?parent=773"}],"curies":[{"name":"wp","href":"https:\/\/api.w.org\/{rel}","templated":true}]}}