{"id":779,"date":"2019-09-13T11:39:16","date_gmt":"2019-09-13T08:39:16","guid":{"rendered":"https:\/\/www.walkingart.fi\/?post_type=product&#038;p=779"},"modified":"2020-05-04T14:48:32","modified_gmt":"2020-05-04T11:48:32","slug":"be-pure-pink-opal-amethyst-in-silver-necklace","status":"publish","type":"product","link":"https:\/\/www.walkingart.fi\/fi\/tuote\/be-pure-pink-opal-amethyst-in-silver-necklace\/","title":{"rendered":"Bona Fide, pinkki opaali ja ametisti puolijalokivi ja hopea kaulakoru"},"content":{"rendered":"<p><em><strong>Bona Fide,<\/strong> pinkki opaali ja ametisti puolijalokivi ja hopea kaulakoru<\/em><\/p>\n<p><em>By WalkingArt<\/em><\/p>\n<p>T\u00e4m\u00e4 k\u00e4sintehty Bona Fide kaulakoru on tehty vaaleanpunaisesta opaalista ja ametistist\u00e4. N\u00e4m\u00e4 puolijalokivet luovat yhdess\u00e4 s\u00e4ken\u00f6iv\u00e4n kauniin ja herk\u00e4n kaulakorun, joka sopii sek\u00e4 arkeen ett\u00e4 juhlaan. Ametistin uskotaan antavan kantajalle mielenrauhaa, vaaleanpunaisen opaalin taas uskotaan omaavan parantavia voimia ja suojaavan kantajaansa. Lukko ja logo ovat hopeaa.<\/p>\n<p>Pituus 45cm+5cm jatko-osa<\/p>\n<p>Lukko ja WA-logo hopeaa<\/p>\n<p>&nbsp;<\/p>","protected":false},"excerpt":{"rendered":"<p><em><strong>Bona Fide,<\/strong> pinkki opaali ja ametisti puolijalokivi ja hopea kaulakoru<\/em><\/p>\n<p><em>By WalkingArt<\/em><\/p>\n<p>Pituus 45cm+5cm jatko-osa<\/p>\n<p>Lukko ja WA-logo hopeaa<\/p>\n<p>&nbsp;<\/p>\n<p>&nbsp;<\/p>","protected":false},"featured_media":744,"comment_status":"open","ping_status":"closed","template":"","meta":{"spay_email":""},"_links":{"self":[{"href":"https:\/\/www.walkingart.fi\/fi\/wp-json\/wp\/v2\/product\/779"}],"collection":[{"href":"https:\/\/www.walkingart.fi\/fi\/wp-json\/wp\/v2\/product"}],"about":[{"href":"https:\/\/www.walkingart.fi\/fi\/wp-json\/wp\/v2\/types\/product"}],"replies":[{"embeddable":true,"href":"https:\/\/www.walkingart.fi\/fi\/wp-json\/wp\/v2\/comments?post=779"}],"wp:featuredmedia":[{"embeddable":true,"href":"https:\/\/www.walkingart.fi\/fi\/wp-json\/wp\/v2\/media\/744"}],"wp:attachment":[{"href":"https:\/\/www.walkingart.fi\/fi\/wp-json\/wp\/v2\/media?parent=779"}],"curies":[{"name":"wp","href":"https:\/\/api.w.org\/{rel}","templated":true}]}}