{"id":780,"date":"2019-09-13T11:39:53","date_gmt":"2019-09-13T08:39:53","guid":{"rendered":"https:\/\/www.walkingart.fi\/?post_type=product&#038;p=780"},"modified":"2020-05-04T14:47:53","modified_gmt":"2020-05-04T11:47:53","slug":"be-pure-smoky-quartz-peridot-in-silver-necklace","status":"publish","type":"product","link":"https:\/\/www.walkingart.fi\/fi\/tuote\/be-pure-smoky-quartz-peridot-in-silver-necklace\/","title":{"rendered":"Bona Fide, savukvartsi ja peridootti hopea kaulakoru"},"content":{"rendered":"<p><em><strong>Bona Fide,<\/strong> savukvartsi ja peridootti hopea kaulakoru<\/em><\/p>\n<p><em>By WalkingArt<\/em><\/p>\n<p>T\u00e4m\u00e4 kaunis ja elegantti Bona Fide kaulakoru on on tehty savukvartsista ja oliivinvihre\u00e4st\u00e4 peridiootista. N\u00e4m\u00e4 puolijalokivet yhdess\u00e4 luovat t\u00e4lle kaulakorulle yksil\u00f6llisen ja ylellisen ilmeen.<\/p>\n<p>Pituus 45cm+5cm jatko-osa<\/p>\n<p>Lukko ja WA-logo hopeaa<\/p>\n<p>&nbsp;<\/p>","protected":false},"excerpt":{"rendered":"<p><em><strong>Bona Fide,<\/strong> savukvartsi ja peridootti hopea kaulakoru<\/em><\/p>\n<p><em>By WalkingArt<\/em><\/p>\n<p>Pituus 45cm+5cm jatko-osa<\/p>\n<p>Lukko ja WA-logo hopeaa<\/p>","protected":false},"featured_media":747,"comment_status":"open","ping_status":"closed","template":"","meta":{"spay_email":""},"_links":{"self":[{"href":"https:\/\/www.walkingart.fi\/fi\/wp-json\/wp\/v2\/product\/780"}],"collection":[{"href":"https:\/\/www.walkingart.fi\/fi\/wp-json\/wp\/v2\/product"}],"about":[{"href":"https:\/\/www.walkingart.fi\/fi\/wp-json\/wp\/v2\/types\/product"}],"replies":[{"embeddable":true,"href":"https:\/\/www.walkingart.fi\/fi\/wp-json\/wp\/v2\/comments?post=780"}],"wp:featuredmedia":[{"embeddable":true,"href":"https:\/\/www.walkingart.fi\/fi\/wp-json\/wp\/v2\/media\/747"}],"wp:attachment":[{"href":"https:\/\/www.walkingart.fi\/fi\/wp-json\/wp\/v2\/media?parent=780"}],"curies":[{"name":"wp","href":"https:\/\/api.w.org\/{rel}","templated":true}]}}