{"id":781,"date":"2019-09-13T11:40:49","date_gmt":"2019-09-13T08:40:49","guid":{"rendered":"https:\/\/www.walkingart.fi\/?post_type=product&#038;p=781"},"modified":"2020-05-04T14:38:30","modified_gmt":"2020-05-04T11:38:30","slug":"be-pure-rock-crystal-howlite-in-silver-necklace","status":"publish","type":"product","link":"https:\/\/www.walkingart.fi\/fi\/tuote\/be-pure-rock-crystal-howlite-in-silver-necklace\/","title":{"rendered":"Bona Fide, vuorikristalli ja howliitti hopea kaulakoru"},"content":{"rendered":"<p><em><strong>Bona Fide,<\/strong> vuorikristalli ja howliitti hopea kaulakoru<\/em><\/p>\n<p><em>By WalkingArt<\/em><\/p>\n<p>T\u00e4m\u00e4 ihastuttava Bona Fide kaulakoru on valmistettu howliitti-puolijalokivest\u00e4 ja vuorikristallista. Lukko ja logo on hopeaa. Kirkkaan turkoosin howliittin uskotaan rauhoittavan mielt\u00e4 ja kristallin selkeytt\u00e4v\u00e4n ajatuksia.<\/p>\n<p>Pituus 45cm+5cm jatko-osa<\/p>\n<p>Lukko ja WA-logo hopeaa<\/p>\n<p>&nbsp;<\/p>","protected":false},"excerpt":{"rendered":"<p><em><strong>Bona Fide,<\/strong> vuorikristalli ja howliitti hopea kaulakoru<\/em><\/p>\n<p><em>By WalkingArt<\/em><\/p>\n<p>Pituus 45cm+5cm jatko-osa<\/p>\n<p>Lukko ja WA-logo hopeaa<\/p>\n<p>&nbsp;<\/p>\n<p>&nbsp;<\/p>","protected":false},"featured_media":745,"comment_status":"open","ping_status":"closed","template":"","meta":{"spay_email":""},"_links":{"self":[{"href":"https:\/\/www.walkingart.fi\/fi\/wp-json\/wp\/v2\/product\/781"}],"collection":[{"href":"https:\/\/www.walkingart.fi\/fi\/wp-json\/wp\/v2\/product"}],"about":[{"href":"https:\/\/www.walkingart.fi\/fi\/wp-json\/wp\/v2\/types\/product"}],"replies":[{"embeddable":true,"href":"https:\/\/www.walkingart.fi\/fi\/wp-json\/wp\/v2\/comments?post=781"}],"wp:featuredmedia":[{"embeddable":true,"href":"https:\/\/www.walkingart.fi\/fi\/wp-json\/wp\/v2\/media\/745"}],"wp:attachment":[{"href":"https:\/\/www.walkingart.fi\/fi\/wp-json\/wp\/v2\/media?parent=781"}],"curies":[{"name":"wp","href":"https:\/\/api.w.org\/{rel}","templated":true}]}}