{"id":782,"date":"2019-09-13T11:41:24","date_gmt":"2019-09-13T08:41:24","guid":{"rendered":"https:\/\/www.walkingart.fi\/?post_type=product&#038;p=782"},"modified":"2020-05-04T14:37:49","modified_gmt":"2020-05-04T11:37:49","slug":"be-pure-rose-quartz-periot-in-silver-necklace","status":"publish","type":"product","link":"https:\/\/www.walkingart.fi\/fi\/tuote\/be-pure-rose-quartz-periot-in-silver-necklace\/","title":{"rendered":"Bona Fide, ruusukvartsi peridootti puolijalokivi hopea kaulakoru"},"content":{"rendered":"<p><em><strong>Bona Fide,<\/strong> ruusukvartsi peridootti puolijalokivi hopea kaulakoru<\/em><\/p>\n<p><em>By WalkingArt<\/em><\/p>\n<p>T\u00e4m\u00e4 yksil\u00f6llinen huolellisesti k\u00e4sintehty Bona Fide kaulakoru on tehty ruusukvartsista ja oliivinvihre\u00e4st\u00e4 peridootista. N\u00e4iden puolijalokivien v\u00e4rit ovat kuin luodut toisilleen tuoden esille erityisesti peridootin oliivinvihre\u00e4n s\u00e4vyn.<\/p>\n<p>Pituus 45cm+5cm jatko-osa<\/p>\n<p>Lukko ja WA-logo hopeaa<\/p>\n<p>&nbsp;<\/p>","protected":false},"excerpt":{"rendered":"<p><em><strong>Bona Fide,<\/strong> ruusukvartsi peridootti puolijalokivi hopea kaulakoru<\/em><\/p>\n<p><em>By WalkingArt<\/em><\/p>\n<p>Pituus 45cm+5cm jatko-osa<\/p>\n<p>Lukko ja WA-logo hopeaa<\/p>\n<p>&nbsp;<\/p>","protected":false},"featured_media":746,"comment_status":"open","ping_status":"closed","template":"","meta":{"spay_email":""},"_links":{"self":[{"href":"https:\/\/www.walkingart.fi\/fi\/wp-json\/wp\/v2\/product\/782"}],"collection":[{"href":"https:\/\/www.walkingart.fi\/fi\/wp-json\/wp\/v2\/product"}],"about":[{"href":"https:\/\/www.walkingart.fi\/fi\/wp-json\/wp\/v2\/types\/product"}],"replies":[{"embeddable":true,"href":"https:\/\/www.walkingart.fi\/fi\/wp-json\/wp\/v2\/comments?post=782"}],"wp:featuredmedia":[{"embeddable":true,"href":"https:\/\/www.walkingart.fi\/fi\/wp-json\/wp\/v2\/media\/746"}],"wp:attachment":[{"href":"https:\/\/www.walkingart.fi\/fi\/wp-json\/wp\/v2\/media?parent=782"}],"curies":[{"name":"wp","href":"https:\/\/api.w.org\/{rel}","templated":true}]}}